{"id":217361,"date":"2021-06-13T22:23:03","date_gmt":"2021-06-13T22:23:03","guid":{"rendered":"http:\/\/okadafinland.fi\/?page_id=217361"},"modified":"2021-06-21T16:16:49","modified_gmt":"2021-06-21T16:16:49","slug":"contact-us","status":"publish","type":"page","link":"https:\/\/infraland.fi\/?page_id=217361","title":{"rendered":"OTA YHTEYTT\u00c4"},"content":{"rendered":"<p>[et_pb_section fb_built=&#8221;1&#8243; fullwidth=&#8221;on&#8221; _builder_version=&#8221;4.9.4&#8243; background_color=&#8221;RGBA(0,0,0,0)&#8221;][et_pb_fullwidth_image src=&#8221;https:\/\/infraland.fi\/wp-content\/uploads\/OKADA-Jobsite\/okada2600DSC05612-scaled.jpg&#8221; title_text=&#8221;okada2600DSC05612&#8243; _builder_version=&#8221;4.9.4&#8243; width=&#8221;50%&#8221; module_alignment=&#8221;center&#8221; custom_margin=&#8221;12px||||false|false&#8221; custom_padding=&#8221;||||false|false&#8221;][\/et_pb_fullwidth_image][\/et_pb_section][et_pb_section fb_built=&#8221;1&#8243; _builder_version=&#8221;4.9.4&#8243; background_color=&#8221;RGBA(0,0,0,0)&#8221; custom_padding=&#8221;14px|||||&#8221;][et_pb_row _builder_version=&#8221;3.26.3&#8243; custom_margin=&#8221;||||false|false&#8221; custom_padding=&#8221;||||false|false&#8221;][et_pb_column type=&#8221;4_4&#8243; _builder_version=&#8221;3.26.3&#8243;][et_pb_text _builder_version=&#8221;4.9.4&#8243; header_text_align=&#8221;left&#8221; header_2_line_height=&#8221;1.5em&#8221; background_color=&#8221;#0070b3&#8243; custom_margin=&#8221;||||false|false&#8221; custom_padding=&#8221;9px|||9px|false|false&#8221;]<\/p>\n<h2>YHTEYSTIEDOT<\/h2>\n<p>[\/et_pb_text][et_pb_contact_form email=&#8221;info@infraland.fi&#8221; title=&#8221;OTA YHTEYTT\u00c4:&#8221; custom_message=&#8221;Name of this contact is:  %%name%% ||et_pb_line_break_holder||The phone number is: %%Phone%%||et_pb_line_break_holder||Message:  %%message%% ||et_pb_line_break_holder||Email %%email%%||et_pb_line_break_holder||Field-1: %%Field_6_2%%||et_pb_line_break_holder||Field-2: %%Field_6%%&#8221; submit_button_text=&#8221;Submit&#8221; _builder_version=&#8221;4.9.4&#8243; form_field_background_color=&#8221;#eaeaea&#8221; form_field_text_color=&#8221;#000000&#8243; form_field_focus_background_color=&#8221;#e0e0e0&#8243; custom_button=&#8221;on&#8221; button_text_color=&#8221;#0070b3&#8243; border_width_all=&#8221;1px&#8221; border_color_all=&#8221;#9e9e9e&#8221; box_shadow_style_button=&#8221;preset2&#8243; button_text_color__hover_enabled=&#8221;on&#8221; button_bg_color__hover_enabled=&#8221;on&#8221; button_bg_color__hover=&#8221;#25D366&#8243; button_bg_enable_color__hover=&#8221;on&#8221; form_field_focus_background_color__hover_enabled=&#8221;on&#8221; form_field_focus_background_color__hover=&#8221;#d1d1d1&#8243; border_color_all__hover_enabled=&#8221;on&#8221; border_radii__hover_enabled=&#8221;on&#8221; form_field_background_color__hover_enabled=&#8221;on&#8221; form_field_background_color__hover=&#8221;#f7f7f7&#8243;][et_pb_contact_field field_id=&#8221;Name&#8221; field_title=&#8221;Nimi&#8221; _builder_version=&#8221;4.9.4&#8243; form_field_background_color=&#8221;#eaeaea&#8221; form_field_text_color=&#8221;#000000&#8243; form_field_focus_background_color=&#8221;#ffffff&#8221; background_color=&#8221;rgba(0,0,0,0)&#8221; background_enable_color=&#8221;on&#8221; button_text_size__hover_enabled=&#8221;off&#8221; button_one_text_size__hover_enabled=&#8221;off&#8221; button_two_text_size__hover_enabled=&#8221;off&#8221; button_text_color__hover_enabled=&#8221;off&#8221; button_one_text_color__hover_enabled=&#8221;off&#8221; button_two_text_color__hover_enabled=&#8221;off&#8221; button_border_width__hover_enabled=&#8221;off&#8221; button_one_border_width__hover_enabled=&#8221;off&#8221; button_two_border_width__hover_enabled=&#8221;off&#8221; button_border_color__hover_enabled=&#8221;off&#8221; button_one_border_color__hover_enabled=&#8221;off&#8221; button_two_border_color__hover_enabled=&#8221;off&#8221; button_border_radius__hover_enabled=&#8221;off&#8221; button_one_border_radius__hover_enabled=&#8221;off&#8221; button_two_border_radius__hover_enabled=&#8221;off&#8221; button_letter_spacing__hover_enabled=&#8221;off&#8221; button_one_letter_spacing__hover_enabled=&#8221;off&#8221; button_two_letter_spacing__hover_enabled=&#8221;off&#8221; button_bg_color__hover_enabled=&#8221;off&#8221; button_one_bg_color__hover_enabled=&#8221;off&#8221; button_two_bg_color__hover_enabled=&#8221;off&#8221; form_field_background_color__hover_enabled=&#8221;on&#8221; form_field_background_color__hover=&#8221;#f7f7f7&#8243; border_color_all__hover_enabled=&#8221;on&#8221; border_color_all__hover=&#8221;#25D366&#8243;][\/et_pb_contact_field][et_pb_contact_field field_id=&#8221;Company&#8221; field_title=&#8221;Yhti\u00f6&#8221; required_mark=&#8221;off&#8221; _builder_version=&#8221;4.9.4&#8243; border_color_all__hover_enabled=&#8221;on&#8221; border_color_all__hover=&#8221;#25D366&#8243;][\/et_pb_contact_field][et_pb_contact_field field_id=&#8221;Email&#8221; field_title=&#8221;S-Posti&#8221; field_type=&#8221;email&#8221; _builder_version=&#8221;4.9.4&#8243; form_field_background_color=&#8221;#eaeaea&#8221; button_text_size__hover_enabled=&#8221;off&#8221; button_one_text_size__hover_enabled=&#8221;off&#8221; button_two_text_size__hover_enabled=&#8221;off&#8221; button_text_color__hover_enabled=&#8221;off&#8221; button_one_text_color__hover_enabled=&#8221;off&#8221; button_two_text_color__hover_enabled=&#8221;off&#8221; button_border_width__hover_enabled=&#8221;off&#8221; button_one_border_width__hover_enabled=&#8221;off&#8221; button_two_border_width__hover_enabled=&#8221;off&#8221; button_border_color__hover_enabled=&#8221;off&#8221; button_one_border_color__hover_enabled=&#8221;off&#8221; button_two_border_color__hover_enabled=&#8221;off&#8221; button_border_radius__hover_enabled=&#8221;off&#8221; button_one_border_radius__hover_enabled=&#8221;off&#8221; button_two_border_radius__hover_enabled=&#8221;off&#8221; button_letter_spacing__hover_enabled=&#8221;off&#8221; button_one_letter_spacing__hover_enabled=&#8221;off&#8221; button_two_letter_spacing__hover_enabled=&#8221;off&#8221; button_bg_color__hover_enabled=&#8221;off&#8221; button_one_bg_color__hover_enabled=&#8221;off&#8221; button_two_bg_color__hover_enabled=&#8221;off&#8221; form_field_background_color__hover_enabled=&#8221;on&#8221; form_field_background_color__hover=&#8221;#f7f7f7&#8243; border_color_all__hover_enabled=&#8221;on&#8221; border_color_all__hover=&#8221;#25D366&#8243;][\/et_pb_contact_field][et_pb_contact_field field_id=&#8221;Phone&#8221; field_title=&#8221;Puhelin&#8221; required_mark=&#8221;off&#8221; _builder_version=&#8221;4.9.4&#8243; border_color_all__hover_enabled=&#8221;on&#8221; border_color_all__hover=&#8221;#25D366&#8243;][\/et_pb_contact_field][et_pb_contact_field field_id=&#8221;Message&#8221; field_title=&#8221;Viesti&#8221; field_type=&#8221;text&#8221; fullwidth_field=&#8221;on&#8221; _builder_version=&#8221;4.9.4&#8243; form_field_background_color=&#8221;#eaeaea&#8221; form_field_background_color_tablet=&#8221;&#8221; form_field_background_color_phone=&#8221;&#8221; form_field_background_color_last_edited=&#8221;on|desktop&#8221; button_text_size__hover_enabled=&#8221;off&#8221; button_one_text_size__hover_enabled=&#8221;off&#8221; button_two_text_size__hover_enabled=&#8221;off&#8221; button_text_color__hover_enabled=&#8221;off&#8221; button_one_text_color__hover_enabled=&#8221;off&#8221; button_two_text_color__hover_enabled=&#8221;off&#8221; button_border_width__hover_enabled=&#8221;off&#8221; button_one_border_width__hover_enabled=&#8221;off&#8221; button_two_border_width__hover_enabled=&#8221;off&#8221; button_border_color__hover_enabled=&#8221;off&#8221; button_one_border_color__hover_enabled=&#8221;off&#8221; button_two_border_color__hover_enabled=&#8221;off&#8221; button_border_radius__hover_enabled=&#8221;off&#8221; button_one_border_radius__hover_enabled=&#8221;off&#8221; button_two_border_radius__hover_enabled=&#8221;off&#8221; button_letter_spacing__hover_enabled=&#8221;off&#8221; button_one_letter_spacing__hover_enabled=&#8221;off&#8221; button_two_letter_spacing__hover_enabled=&#8221;off&#8221; button_bg_color__hover_enabled=&#8221;off&#8221; button_one_bg_color__hover_enabled=&#8221;off&#8221; button_two_bg_color__hover_enabled=&#8221;off&#8221; form_field_background_color__hover_enabled=&#8221;on&#8221; form_field_background_color__hover=&#8221;#f7f7f7&#8243; border_color_all__hover_enabled=&#8221;on&#8221; border_color_all__hover=&#8221;#25D366&#8243;][\/et_pb_contact_field][et_pb_contact_field field_id=&#8221;Field_6&#8243; field_title=&#8221;Valitse aihe:&#8221; field_type=&#8221;checkbox&#8221; checkbox_options=&#8221;%91{%22value%22:%22Pulveroija tai Murskain%22,%22checked%22:0,%22dragID%22:-1},{%22value%22:%22Iskuvasara%22,%22checked%22:0,%22dragID%22:0}%93&#8243; required_mark=&#8221;off&#8221; _builder_version=&#8221;4.9.4&#8243;][\/et_pb_contact_field][\/et_pb_contact_form][\/et_pb_column][\/et_pb_row][\/et_pb_section][et_pb_section fb_built=&#8221;1&#8243; _builder_version=&#8221;4.9.4&#8243; background_color=&#8221;RGBA(0,0,0,0)&#8221; transform_scale_phone=&#8221;100%|100%&#8221; transform_scale_last_edited=&#8221;off|phone&#8221; transform_translate_last_edited=&#8221;off|desktop&#8221; transform_rotate_last_edited=&#8221;off|desktop&#8221; transform_skew_last_edited=&#8221;off|desktop&#8221; transform_origin_last_edited=&#8221;off|desktop&#8221; transform_styles_last_edited=&#8221;off|phone&#8221; animation_style=&#8221;zoom&#8221; transform_styles__hover_enabled=&#8221;on|desktop&#8221; transform_scale__hover_enabled=&#8221;on|desktop&#8221; transform_translate__hover_enabled=&#8221;on&#8221; transform_rotate__hover_enabled=&#8221;on&#8221; transform_skew__hover_enabled=&#8221;on&#8221; transform_origin__hover_enabled=&#8221;on&#8221; transform_scale__hover=&#8221;100%|100%&#8221; width__hover_enabled=&#8221;on|desktop&#8221;][et_pb_row _builder_version=&#8221;4.9.4&#8243; width__hover_enabled=&#8221;on|desktop&#8221; max_width__hover_enabled=&#8221;on|desktop&#8221;][et_pb_column type=&#8221;4_4&#8243; _builder_version=&#8221;3.26.3&#8243;][et_pb_divider _builder_version=&#8221;3.26.3&#8243; custom_margin=&#8221;||-10px|||&#8221; custom_padding=&#8221;||1px|||&#8221;][\/et_pb_divider][et_pb_text _builder_version=&#8221;3.27.4&#8243; header_text_align_tablet=&#8221;&#8221; header_text_align_phone=&#8221;center&#8221; header_text_align_last_edited=&#8221;on|desktop&#8221; transform_styles__hover_enabled=&#8221;on&#8221; transform_scale__hover_enabled=&#8221;on&#8221; transform_translate__hover_enabled=&#8221;on&#8221; transform_rotate__hover_enabled=&#8221;on&#8221; transform_skew__hover_enabled=&#8221;on&#8221; transform_origin__hover_enabled=&#8221;on&#8221;]<\/p>\n<h1>MYYNTI SUOMI &#8211; FINLAND<\/h1>\n<p>[\/et_pb_text][\/et_pb_column][\/et_pb_row][et_pb_row column_structure=&#8221;1_4,1_4,1_4,1_4&#8243; use_custom_gutter=&#8221;on&#8221; gutter_width=&#8221;2&#8243; custom_padding_last_edited=&#8221;on|desktop&#8221; _builder_version=&#8221;3.26.3&#8243; custom_margin=&#8221;|auto||auto|false|false&#8221; custom_padding=&#8221;4px||2px|||&#8221; custom_padding_tablet=&#8221;&#8221; custom_padding_phone=&#8221;&#8221; transform_styles__hover_enabled=&#8221;on&#8221; transform_scale__hover_enabled=&#8221;on&#8221; transform_translate__hover_enabled=&#8221;on&#8221; transform_rotate__hover_enabled=&#8221;on&#8221; transform_skew__hover_enabled=&#8221;on&#8221; transform_origin__hover_enabled=&#8221;on&#8221;][et_pb_column type=&#8221;1_4&#8243; _builder_version=&#8221;3.26.3&#8243;][et_pb_blurb title=&#8221;JARI LAHTI&#8221; use_icon=&#8221;on&#8221; font_icon=&#8221;%%259%%&#8221; icon_color=&#8221;#ffffff&#8221; use_circle=&#8221;on&#8221; circle_color=&#8221;#0070b3&#8243; content_max_width=&#8221;253px&#8221; use_icon_font_size=&#8221;on&#8221; icon_font_size=&#8221;30px&#8221; _builder_version=&#8221;4.9.4&#8243; header_text_align=&#8221;center&#8221;]<\/p>\n<ul>\n<li style=\"text-align: center;\">Myyntip\u00e4\u00e4llikk\u00f6<\/li>\n<li style=\"text-align: center;\">F\u00f6rs\u00e4ljningschef<\/li>\n<\/ul>\n<p>[\/et_pb_blurb][\/et_pb_column][et_pb_column type=&#8221;1_4&#8243; _builder_version=&#8221;3.26.3&#8243;][et_pb_blurb title=&#8221;ORAVAINEN&#8221; use_icon=&#8221;on&#8221; font_icon=&#8221;%%249%%&#8221; icon_color=&#8221;#ffffff&#8221; use_circle=&#8221;on&#8221; circle_color=&#8221;#0070b3&#8243; content_max_width=&#8221;253px&#8221; use_icon_font_size=&#8221;on&#8221; icon_font_size=&#8221;30px&#8221; _builder_version=&#8221;4.9.4&#8243; header_text_align=&#8221;center&#8221;]<\/p>\n<p style=\"text-align: center;\">Kimontie 728 B2 &#8211; 66810 KIMO, ORAVAINEN &#8211; FINLAND<\/p>\n<p>[\/et_pb_blurb][\/et_pb_column][et_pb_column type=&#8221;1_4&#8243; _builder_version=&#8221;3.26.3&#8243;][et_pb_blurb title=&#8221;PUH: +358 (0)40-580 63 63&#8243; url=&#8221;tel:0405806363&#8243; use_icon=&#8221;on&#8221; font_icon=&#8221;%%264%%&#8221; icon_color=&#8221;#ffffff&#8221; use_circle=&#8221;on&#8221; circle_color=&#8221;#0070b3&#8243; content_max_width=&#8221;253px&#8221; use_icon_font_size=&#8221;on&#8221; icon_font_size=&#8221;30px&#8221; _builder_version=&#8221;4.9.4&#8243; header_text_align=&#8221;center&#8221; body_font=&#8221;|700|||||||&#8221; body_text_align=&#8221;center&#8221; animation_style=&#8221;fade&#8221; link_option_url=&#8221;<a href=%22tel:+358405806363%22>&#8221; icon_color__hover_enabled=&#8221;on&#8221; icon_color__hover=&#8221;#ffffff&#8221; header_text_color__hover_enabled=&#8221;on&#8221; header_text_color__hover=&#8221;#25d366&#8243; circle_color__hover_enabled=&#8221;on&#8221; circle_color__hover=&#8221;#25D366&#8243; body_text_color__hover_enabled=&#8221;on&#8221; border_color_all__hover_enabled=&#8221;on&#8221; border_color_all__hover=&#8221;#25D366&#8243; body_text_color__hover=&#8221;#25d366&#8243; background_layout__hover_enabled=&#8221;on&#8221;]<\/p>\n<p style=\"text-align: center;\"><a href=\"tel:+358405806363\"><\/a><strong>SOITA KLIKKAAMALLA<\/strong><\/p>\n<p>[\/et_pb_blurb][\/et_pb_column][et_pb_column type=&#8221;1_4&#8243; _builder_version=&#8221;3.26.3&#8243;][et_pb_blurb title=&#8221;L\u00c4HET\u00c4 &#8211; SPOSTIA KLIKKAAMALLA&#8221; use_icon=&#8221;on&#8221; font_icon=&#8221;%%238%%&#8221; icon_color=&#8221;#ffffff&#8221; use_circle=&#8221;on&#8221; circle_color=&#8221;#0070b3&#8243; content_max_width=&#8221;253px&#8221; use_icon_font_size=&#8221;on&#8221; icon_font_size=&#8221;30px&#8221; _builder_version=&#8221;4.9.4&#8243; header_text_align=&#8221;center&#8221; body_font=&#8221;|700|||||||&#8221; animation_style=&#8221;fade&#8221; link_option_url=&#8221;mailto:info@infraland.fi&#8221; link_option_url_new_window=&#8221;on&#8221; circle_color__hover_enabled=&#8221;on&#8221; circle_color__hover=&#8221;#25D366&#8243; border_color_all__hover_enabled=&#8221;on&#8221; border_color_all__hover=&#8221;#25D366&#8243; header_text_color__hover_enabled=&#8221;on&#8221; header_text_color__hover=&#8221;#25d366&#8243; icon_color__hover=&#8221;#ffffff&#8221; icon_color__hover_enabled=&#8221;on&#8221; body_text_color__hover_enabled=&#8221;on&#8221; body_text_color__hover=&#8221;#25d366&#8243;]<\/p>\n<p style=\"text-align: center;\">info@infraland.fi<\/p>\n<p>[\/et_pb_blurb][\/et_pb_column][\/et_pb_row][\/et_pb_section][et_pb_section fb_built=&#8221;1&#8243; _builder_version=&#8221;4.9.4&#8243; background_color=&#8221;RGBA(0,0,0,0)&#8221;][et_pb_row _builder_version=&#8221;3.26.3&#8243;][et_pb_column type=&#8221;4_4&#8243; _builder_version=&#8221;3.26.3&#8243;][et_pb_divider _builder_version=&#8221;3.26.3&#8243; custom_margin=&#8221;||-10px|||&#8221; custom_padding=&#8221;||1px|||&#8221;][\/et_pb_divider][et_pb_text _builder_version=&#8221;3.27.4&#8243; header_text_align_tablet=&#8221;&#8221; header_text_align_phone=&#8221;center&#8221; header_text_align_last_edited=&#8221;on|desktop&#8221;]<\/p>\n<h1>COMPANY INFO \/ YRITYS JA YHTEYSTIEDOT \/ F\u00d6RETAGSINFO<\/h1>\n<p>[\/et_pb_text][\/et_pb_column][\/et_pb_row][et_pb_row _builder_version=&#8221;3.26.3&#8243;][et_pb_column type=&#8221;4_4&#8243; _builder_version=&#8221;3.26.3&#8243;][et_pb_text _builder_version=&#8221;3.27.4&#8243;]<\/p>\n<ul>\n<li>\u00a0INFRALAND OY AB \u2013 In Finland Business ID (VAT nr.): FI29041615<\/li>\n<\/ul>\n<p>[\/et_pb_text][\/et_pb_column][\/et_pb_row][\/et_pb_section]<\/p>\n","protected":false},"excerpt":{"rendered":"<p>[et_pb_section fb_built=&#8221;1&#8243; fullwidth=&#8221;on&#8221; _builder_version=&#8221;4.9.4&#8243; background_color=&#8221;RGBA(0,0,0,0)&#8221;][et_pb_fullwidth_image src=&#8221;https:\/\/infraland.fi\/wp-content\/uploads\/OKADA-Jobsite\/okada2600DSC05612-scaled.jpg&#8221; title_text=&#8221;okada2600DSC05612&#8243; _builder_version=&#8221;4.9.4&#8243; width=&#8221;50%&#8221; module_alignment=&#8221;center&#8221; custom_margin=&#8221;12px||||false|false&#8221; custom_padding=&#8221;||||false|false&#8221;][\/et_pb_fullwidth_image][\/et_pb_section][et_pb_section fb_built=&#8221;1&#8243; _builder_version=&#8221;4.9.4&#8243; background_color=&#8221;RGBA(0,0,0,0)&#8221; custom_padding=&#8221;14px|||||&#8221;][et_pb_row _builder_version=&#8221;3.26.3&#8243; custom_margin=&#8221;||||false|false&#8221; custom_padding=&#8221;||||false|false&#8221;][et_pb_column type=&#8221;4_4&#8243; _builder_version=&#8221;3.26.3&#8243;][et_pb_text _builder_version=&#8221;4.9.4&#8243; header_text_align=&#8221;left&#8221; header_2_line_height=&#8221;1.5em&#8221; background_color=&#8221;#0070b3&#8243; custom_margin=&#8221;||||false|false&#8221; custom_padding=&#8221;9px|||9px|false|false&#8221;] YHTEYSTIEDOT [\/et_pb_text][et_pb_contact_form email=&#8221;info@infraland.fi&#8221; title=&#8221;OTA YHTEYTT\u00c4:&#8221; custom_message=&#8221;Name of this contact is: %%name%% ||et_pb_line_break_holder||The phone number is: %%Phone%%||et_pb_line_break_holder||Message: %%message%% ||et_pb_line_break_holder||Email %%email%%||et_pb_line_break_holder||Field-1: %%Field_6_2%%||et_pb_line_break_holder||Field-2: %%Field_6%%&#8221; submit_button_text=&#8221;Submit&#8221; _builder_version=&#8221;4.9.4&#8243; form_field_background_color=&#8221;#eaeaea&#8221; form_field_text_color=&#8221;#000000&#8243; form_field_focus_background_color=&#8221;#e0e0e0&#8243; custom_button=&#8221;on&#8221; button_text_color=&#8221;#0070b3&#8243; [&hellip;]<\/p>\n","protected":false},"author":1,"featured_media":0,"parent":0,"menu_order":0,"comment_status":"closed","ping_status":"closed","template":"","meta":{"_et_pb_use_builder":"on","_et_pb_old_content":"","_et_gb_content_width":"","footnotes":""},"class_list":["post-217361","page","type-page","status-publish","hentry"],"_links":{"self":[{"href":"https:\/\/infraland.fi\/index.php?rest_route=\/wp\/v2\/pages\/217361","targetHints":{"allow":["GET"]}}],"collection":[{"href":"https:\/\/infraland.fi\/index.php?rest_route=\/wp\/v2\/pages"}],"about":[{"href":"https:\/\/infraland.fi\/index.php?rest_route=\/wp\/v2\/types\/page"}],"author":[{"embeddable":true,"href":"https:\/\/infraland.fi\/index.php?rest_route=\/wp\/v2\/users\/1"}],"replies":[{"embeddable":true,"href":"https:\/\/infraland.fi\/index.php?rest_route=%2Fwp%2Fv2%2Fcomments&post=217361"}],"version-history":[{"count":0,"href":"https:\/\/infraland.fi\/index.php?rest_route=\/wp\/v2\/pages\/217361\/revisions"}],"wp:attachment":[{"href":"https:\/\/infraland.fi\/index.php?rest_route=%2Fwp%2Fv2%2Fmedia&parent=217361"}],"curies":[{"name":"wp","href":"https:\/\/api.w.org\/{rel}","templated":true}]}}